{"id":4491,"date":"2009-09-08T16:33:06","date_gmt":"2009-09-08T16:33:06","guid":{"rendered":"http:\/\/wpzoom.com\/magnet\/demo\/?page_id=2"},"modified":"2026-04-21T15:41:25","modified_gmt":"2026-04-21T13:41:25","slug":"about","status":"publish","type":"page","link":"https:\/\/alessio.nocita.photo\/index.php\/about\/","title":{"rendered":"\u00dcber mich"},"content":{"rendered":"\n<figure class=\"wp-block-image size-large\"><img fetchpriority=\"high\" decoding=\"async\" width=\"1024\" height=\"683\" src=\"https:\/\/alessio.nocita.photo\/wp-content\/uploads\/2026\/04\/Selbstportrait_075-1024x683.jpg\" alt=\"\" class=\"wp-image-6557\" srcset=\"https:\/\/alessio.nocita.photo\/wp-content\/uploads\/2026\/04\/Selbstportrait_075-1024x683.jpg 1024w, https:\/\/alessio.nocita.photo\/wp-content\/uploads\/2026\/04\/Selbstportrait_075-300x200.jpg 300w, https:\/\/alessio.nocita.photo\/wp-content\/uploads\/2026\/04\/Selbstportrait_075-768x512.jpg 768w, https:\/\/alessio.nocita.photo\/wp-content\/uploads\/2026\/04\/Selbstportrait_075-1000x667.jpg 1000w, https:\/\/alessio.nocita.photo\/wp-content\/uploads\/2026\/04\/Selbstportrait_075-840x560.jpg 840w, https:\/\/alessio.nocita.photo\/wp-content\/uploads\/2026\/04\/Selbstportrait_075-600x400.jpg 600w, https:\/\/alessio.nocita.photo\/wp-content\/uploads\/2026\/04\/Selbstportrait_075.jpg 1200w\" sizes=\"(max-width: 1024px) 100vw, 1024px\" \/><\/figure>\n\n\n\n<p>Fotografie ist meine Art, feinf\u00fchlig zu sein. Es ist meine Art, Sch\u00f6nheit zu zeigen, die man sonst im normalen Leben \u00fcbersieht, zu f\u00fchlen, was sonst im Alltag untergeht. Als Fotograf liebe ich Menschen, die viel zu sagen haben, zu zeigen, ich liebe es, sie zu unterst\u00fctzen, durch meine Bilder ihre Sch\u00f6nheit zu zeigen und ihre Aussage st\u00e4rker an die \u00d6ffentlichkeit zu bringen.<\/p>\n\n\n\n<p>Deswegen sind <strong>Fotoshootings f\u00fcr Musikern und bildenden K\u00fcnstlern<\/strong> ein starker Fokus meiner T\u00e4tigkeit als Fotograf. Da ich, ausser Fotograf, selbst seit 30 Jahren ebenfalls Musiker bin, wei\u00df ich, was die Fotografie f\u00fcr K\u00fcnstler und Musiker bringen muss, damit diese Menschen sich \u00fcberzeugend pr\u00e4sentieren, ihre Aussagekraft und ihre Leidenschaft in dem Foto zur vollen Geltung kommt und sie sich durch originelle und k\u00fcnstlerisch anspruchvollen Bildern sich profilieren k\u00f6nnen. Die Arbeit mit einem originellen, einmaligen Fotokonzept f\u00fcr jeden einzelnen meinen Kunden ist mir genau so wichtig wie eine makellose, glanzvollen \u00c4sthetik f\u00fcr meinen Bildern.<\/p>\n\n\n\n<!--more-->\n\n\n\n<p>Ich arbeit bevorzugt ausserdem mit sehr kreativen <strong>Portraits<\/strong>. Auch hier liegt mein Schwerpunkt in dem hohen \u00e4sthetischen Anspruch der Bildern so wie in ihrer Originalit\u00e4t. Egal ob f\u00fcr Familie, Beruf, Business, Mode, Hochzeit oder Beauty, mein Anspruch ist, dass die Bilder gleichzeitig tiefe Sch\u00f6nheit zeigen und dabei einmalig sind, f\u00fcr jeden Kunden einzeln konzipiert und realisiert.<\/p>\n\n\n\n<p>Meine Fotografie ist in einer sehr klassischen Weise <strong>k\u00fcnstlerisch<\/strong>. Meine St\u00e4rke liegt daran, die einmalige Pers\u00f6nlichkeit, die innere Sch\u00f6nheit, die tiefe Qualit\u00e4ten meines Models, meines Subjekts zu erkennen, das Augenblick vor meinen Augen in seiner Einmaligkeit zu betrachten, es zu verstehen, darin etwas zu sehen, was man sonst gerne \u00fcbersieht &#8211; denn nur dann kann man das Ganze in seiner Sch\u00f6nheit und Einzigartigkeit fest halten. Und ich liebe es, Menschen dazu zu bringen, sich sch\u00f6n und besonders zu f\u00fchlen und ihre Besonderheit zu zeigen und zu geniessen.<\/p>\n\n\n\n<p>Ein besonderer weiterer Schwerpunkt von mir liegt ausserdem in der kreativen, konzeptuellen Photographie. Ich liebe es, ungew\u00f6hnliche Kulissen zu kreieren und photographische Projekte mit starker Aussage zu realisieren. Ich bin extrem kreativ bei der Planung und beim Shooting und liebe es, Texte, Musik, Kunst, Pers\u00f6nlichkeiten und Aussagen in ein Bildkonzept fantasievoll zu \u00fcbertragen. Damit bin ich der richtige Ansprechpartner, wenn es darum geht, aussagekr\u00e4ftige Bildserien zu realisieren, wie z.B. f\u00fcr Buchcover, Plattencover, Plakate f\u00fcr k\u00fcnstlerische Projekte, und sonst alle Bilder, die eine starke, ungew\u00f6hnliche, kreative Aussage haben sollen.<\/p>\n\n\n\n<p><\/p>\n","protected":false},"excerpt":{"rendered":"<p>Fotografie ist meine Art, feinf\u00fchlig zu sein. Es ist meine Art, Sch\u00f6nheit zu zeigen, die man sonst im normalen Leben \u00fcbersieht, zu f\u00fchlen, was sonst im Alltag untergeht. Als Fotograf liebe ich Menschen, die viel zu sagen haben, zu zeigen, ich liebe es, sie zu unterst\u00fctzen, durch meine Bilder ihre [&hellip;]<\/p>\n","protected":false},"author":1,"featured_media":0,"parent":0,"menu_order":0,"comment_status":"closed","ping_status":"closed","template":"","meta":{"inspiro_page_layout":"narrow","inspiro_hide_title":false,"footnotes":""},"class_list":["post-4491","page","type-page","status-publish","hentry"],"yoast_head":"<!-- This site is optimized with the Yoast SEO plugin v27.4 - https:\/\/yoast.com\/product\/yoast-seo-wordpress\/ -->\n<title>\u00dcber mich - Alessio Nocita Photographie - Portrait-Fotograf in Duisburg<\/title>\n<meta name=\"description\" content=\"Kreative Portrait-Fotografie: Fotograf f\u00fcr K\u00fcnstler, Musiker, Beauty und Fine Art in Duisburg im Rheinland\/Ruhrgebiet.\" \/>\n<meta name=\"robots\" content=\"index, follow, max-snippet:-1, max-image-preview:large, max-video-preview:-1\" \/>\n<link rel=\"canonical\" href=\"https:\/\/alessio.nocita.photo\/index.php\/about\/\" \/>\n<meta property=\"og:locale\" content=\"de_DE\" \/>\n<meta property=\"og:type\" content=\"article\" \/>\n<meta property=\"og:title\" content=\"\u00dcber mich - Alessio Nocita Photographie - Portrait-Fotograf in Duisburg\" \/>\n<meta property=\"og:description\" content=\"Kreative Portrait-Fotografie: Fotograf f\u00fcr K\u00fcnstler, Musiker, Beauty und Fine Art in Duisburg im Rheinland\/Ruhrgebiet.\" \/>\n<meta property=\"og:url\" content=\"https:\/\/alessio.nocita.photo\/index.php\/about\/\" \/>\n<meta property=\"og:site_name\" content=\"Alessio Nocita Photographie - Portrait-Fotograf in Duisburg\" \/>\n<meta property=\"article:publisher\" content=\"https:\/\/www.facebook.com\/alessio.nocita.foto\" \/>\n<meta property=\"article:modified_time\" content=\"2026-04-21T13:41:25+00:00\" \/>\n<meta property=\"og:image\" content=\"https:\/\/alessio.nocita.photo\/wp-content\/uploads\/2026\/04\/Selbstportrait_075.jpg\" \/>\n\t<meta property=\"og:image:width\" content=\"1200\" \/>\n\t<meta property=\"og:image:height\" content=\"800\" \/>\n\t<meta property=\"og:image:type\" content=\"image\/jpeg\" \/>\n<meta name=\"twitter:card\" content=\"summary_large_image\" \/>\n<meta name=\"twitter:label1\" content=\"Gesch\u00e4tzte Lesezeit\" \/>\n\t<meta name=\"twitter:data1\" content=\"3\u00a0Minuten\" \/>\n<script type=\"application\/ld+json\" class=\"yoast-schema-graph\">{\"@context\":\"https:\\\/\\\/schema.org\",\"@graph\":[{\"@type\":\"WebPage\",\"@id\":\"https:\\\/\\\/alessio.nocita.photo\\\/index.php\\\/about\\\/\",\"url\":\"https:\\\/\\\/alessio.nocita.photo\\\/index.php\\\/about\\\/\",\"name\":\"\u00dcber mich - Alessio Nocita Photographie - Portrait-Fotograf in Duisburg\",\"isPartOf\":{\"@id\":\"https:\\\/\\\/alessio.nocita.photo\\\/#website\"},\"primaryImageOfPage\":{\"@id\":\"https:\\\/\\\/alessio.nocita.photo\\\/index.php\\\/about\\\/#primaryimage\"},\"image\":{\"@id\":\"https:\\\/\\\/alessio.nocita.photo\\\/index.php\\\/about\\\/#primaryimage\"},\"thumbnailUrl\":\"https:\\\/\\\/alessio.nocita.photo\\\/wp-content\\\/uploads\\\/2026\\\/04\\\/Selbstportrait_075-1024x683.jpg\",\"datePublished\":\"2009-09-08T16:33:06+00:00\",\"dateModified\":\"2026-04-21T13:41:25+00:00\",\"description\":\"Kreative Portrait-Fotografie: Fotograf f\u00fcr K\u00fcnstler, Musiker, Beauty und Fine Art in Duisburg im Rheinland\\\/Ruhrgebiet.\",\"breadcrumb\":{\"@id\":\"https:\\\/\\\/alessio.nocita.photo\\\/index.php\\\/about\\\/#breadcrumb\"},\"inLanguage\":\"de\",\"potentialAction\":[{\"@type\":\"ReadAction\",\"target\":[\"https:\\\/\\\/alessio.nocita.photo\\\/index.php\\\/about\\\/\"]}]},{\"@type\":\"ImageObject\",\"inLanguage\":\"de\",\"@id\":\"https:\\\/\\\/alessio.nocita.photo\\\/index.php\\\/about\\\/#primaryimage\",\"url\":\"https:\\\/\\\/alessio.nocita.photo\\\/wp-content\\\/uploads\\\/2026\\\/04\\\/Selbstportrait_075.jpg\",\"contentUrl\":\"https:\\\/\\\/alessio.nocita.photo\\\/wp-content\\\/uploads\\\/2026\\\/04\\\/Selbstportrait_075.jpg\",\"width\":1200,\"height\":800},{\"@type\":\"BreadcrumbList\",\"@id\":\"https:\\\/\\\/alessio.nocita.photo\\\/index.php\\\/about\\\/#breadcrumb\",\"itemListElement\":[{\"@type\":\"ListItem\",\"position\":1,\"name\":\"Startseite\",\"item\":\"https:\\\/\\\/alessio.nocita.photo\\\/\"},{\"@type\":\"ListItem\",\"position\":2,\"name\":\"\u00dcber mich\"}]},{\"@type\":\"WebSite\",\"@id\":\"https:\\\/\\\/alessio.nocita.photo\\\/#website\",\"url\":\"https:\\\/\\\/alessio.nocita.photo\\\/\",\"name\":\"Alessio Nocita Photographie - Portrait-Fotograf in Duisburg\",\"description\":\"Fotoshootings f\u00fcr Musiker und K\u00fcnstler, kreative Portraits, Fine-Art Fotografie\",\"publisher\":{\"@id\":\"https:\\\/\\\/alessio.nocita.photo\\\/#organization\"},\"potentialAction\":[{\"@type\":\"SearchAction\",\"target\":{\"@type\":\"EntryPoint\",\"urlTemplate\":\"https:\\\/\\\/alessio.nocita.photo\\\/?s={search_term_string}\"},\"query-input\":{\"@type\":\"PropertyValueSpecification\",\"valueRequired\":true,\"valueName\":\"search_term_string\"}}],\"inLanguage\":\"de\"},{\"@type\":\"Organization\",\"@id\":\"https:\\\/\\\/alessio.nocita.photo\\\/#organization\",\"name\":\"Alessio Nocita Photographie\",\"url\":\"https:\\\/\\\/alessio.nocita.photo\\\/\",\"logo\":{\"@type\":\"ImageObject\",\"inLanguage\":\"de\",\"@id\":\"https:\\\/\\\/alessio.nocita.photo\\\/#\\\/schema\\\/logo\\\/image\\\/\",\"url\":\"https:\\\/\\\/alessio.nocita.photo\\\/wp-content\\\/uploads\\\/2021\\\/04\\\/alessio_nocita_logo-foto.png\",\"contentUrl\":\"https:\\\/\\\/alessio.nocita.photo\\\/wp-content\\\/uploads\\\/2021\\\/04\\\/alessio_nocita_logo-foto.png\",\"width\":638,\"height\":200,\"caption\":\"Alessio Nocita Photographie\"},\"image\":{\"@id\":\"https:\\\/\\\/alessio.nocita.photo\\\/#\\\/schema\\\/logo\\\/image\\\/\"},\"sameAs\":[\"https:\\\/\\\/www.facebook.com\\\/alessio.nocita.foto\",\"https:\\\/\\\/www.instagram.com\\\/alessio.nocita.photography\\\/\"]}]}<\/script>\n<!-- \/ Yoast SEO plugin. -->","yoast_head_json":{"title":"\u00dcber mich - Alessio Nocita Photographie - Portrait-Fotograf in Duisburg","description":"Kreative Portrait-Fotografie: Fotograf f\u00fcr K\u00fcnstler, Musiker, Beauty und Fine Art in Duisburg im Rheinland\/Ruhrgebiet.","robots":{"index":"index","follow":"follow","max-snippet":"max-snippet:-1","max-image-preview":"max-image-preview:large","max-video-preview":"max-video-preview:-1"},"canonical":"https:\/\/alessio.nocita.photo\/index.php\/about\/","og_locale":"de_DE","og_type":"article","og_title":"\u00dcber mich - Alessio Nocita Photographie - Portrait-Fotograf in Duisburg","og_description":"Kreative Portrait-Fotografie: Fotograf f\u00fcr K\u00fcnstler, Musiker, Beauty und Fine Art in Duisburg im Rheinland\/Ruhrgebiet.","og_url":"https:\/\/alessio.nocita.photo\/index.php\/about\/","og_site_name":"Alessio Nocita Photographie - Portrait-Fotograf in Duisburg","article_publisher":"https:\/\/www.facebook.com\/alessio.nocita.foto","article_modified_time":"2026-04-21T13:41:25+00:00","og_image":[{"width":1200,"height":800,"url":"https:\/\/alessio.nocita.photo\/wp-content\/uploads\/2026\/04\/Selbstportrait_075.jpg","type":"image\/jpeg"}],"twitter_card":"summary_large_image","twitter_misc":{"Gesch\u00e4tzte Lesezeit":"3\u00a0Minuten"},"schema":{"@context":"https:\/\/schema.org","@graph":[{"@type":"WebPage","@id":"https:\/\/alessio.nocita.photo\/index.php\/about\/","url":"https:\/\/alessio.nocita.photo\/index.php\/about\/","name":"\u00dcber mich - Alessio Nocita Photographie - Portrait-Fotograf in Duisburg","isPartOf":{"@id":"https:\/\/alessio.nocita.photo\/#website"},"primaryImageOfPage":{"@id":"https:\/\/alessio.nocita.photo\/index.php\/about\/#primaryimage"},"image":{"@id":"https:\/\/alessio.nocita.photo\/index.php\/about\/#primaryimage"},"thumbnailUrl":"https:\/\/alessio.nocita.photo\/wp-content\/uploads\/2026\/04\/Selbstportrait_075-1024x683.jpg","datePublished":"2009-09-08T16:33:06+00:00","dateModified":"2026-04-21T13:41:25+00:00","description":"Kreative Portrait-Fotografie: Fotograf f\u00fcr K\u00fcnstler, Musiker, Beauty und Fine Art in Duisburg im Rheinland\/Ruhrgebiet.","breadcrumb":{"@id":"https:\/\/alessio.nocita.photo\/index.php\/about\/#breadcrumb"},"inLanguage":"de","potentialAction":[{"@type":"ReadAction","target":["https:\/\/alessio.nocita.photo\/index.php\/about\/"]}]},{"@type":"ImageObject","inLanguage":"de","@id":"https:\/\/alessio.nocita.photo\/index.php\/about\/#primaryimage","url":"https:\/\/alessio.nocita.photo\/wp-content\/uploads\/2026\/04\/Selbstportrait_075.jpg","contentUrl":"https:\/\/alessio.nocita.photo\/wp-content\/uploads\/2026\/04\/Selbstportrait_075.jpg","width":1200,"height":800},{"@type":"BreadcrumbList","@id":"https:\/\/alessio.nocita.photo\/index.php\/about\/#breadcrumb","itemListElement":[{"@type":"ListItem","position":1,"name":"Startseite","item":"https:\/\/alessio.nocita.photo\/"},{"@type":"ListItem","position":2,"name":"\u00dcber mich"}]},{"@type":"WebSite","@id":"https:\/\/alessio.nocita.photo\/#website","url":"https:\/\/alessio.nocita.photo\/","name":"Alessio Nocita Photographie - Portrait-Fotograf in Duisburg","description":"Fotoshootings f\u00fcr Musiker und K\u00fcnstler, kreative Portraits, Fine-Art Fotografie","publisher":{"@id":"https:\/\/alessio.nocita.photo\/#organization"},"potentialAction":[{"@type":"SearchAction","target":{"@type":"EntryPoint","urlTemplate":"https:\/\/alessio.nocita.photo\/?s={search_term_string}"},"query-input":{"@type":"PropertyValueSpecification","valueRequired":true,"valueName":"search_term_string"}}],"inLanguage":"de"},{"@type":"Organization","@id":"https:\/\/alessio.nocita.photo\/#organization","name":"Alessio Nocita Photographie","url":"https:\/\/alessio.nocita.photo\/","logo":{"@type":"ImageObject","inLanguage":"de","@id":"https:\/\/alessio.nocita.photo\/#\/schema\/logo\/image\/","url":"https:\/\/alessio.nocita.photo\/wp-content\/uploads\/2021\/04\/alessio_nocita_logo-foto.png","contentUrl":"https:\/\/alessio.nocita.photo\/wp-content\/uploads\/2021\/04\/alessio_nocita_logo-foto.png","width":638,"height":200,"caption":"Alessio Nocita Photographie"},"image":{"@id":"https:\/\/alessio.nocita.photo\/#\/schema\/logo\/image\/"},"sameAs":["https:\/\/www.facebook.com\/alessio.nocita.foto","https:\/\/www.instagram.com\/alessio.nocita.photography\/"]}]}},"_links":{"self":[{"href":"https:\/\/alessio.nocita.photo\/index.php\/wp-json\/wp\/v2\/pages\/4491","targetHints":{"allow":["GET"]}}],"collection":[{"href":"https:\/\/alessio.nocita.photo\/index.php\/wp-json\/wp\/v2\/pages"}],"about":[{"href":"https:\/\/alessio.nocita.photo\/index.php\/wp-json\/wp\/v2\/types\/page"}],"author":[{"embeddable":true,"href":"https:\/\/alessio.nocita.photo\/index.php\/wp-json\/wp\/v2\/users\/1"}],"replies":[{"embeddable":true,"href":"https:\/\/alessio.nocita.photo\/index.php\/wp-json\/wp\/v2\/comments?post=4491"}],"version-history":[{"count":11,"href":"https:\/\/alessio.nocita.photo\/index.php\/wp-json\/wp\/v2\/pages\/4491\/revisions"}],"predecessor-version":[{"id":6559,"href":"https:\/\/alessio.nocita.photo\/index.php\/wp-json\/wp\/v2\/pages\/4491\/revisions\/6559"}],"wp:attachment":[{"href":"https:\/\/alessio.nocita.photo\/index.php\/wp-json\/wp\/v2\/media?parent=4491"}],"curies":[{"name":"wp","href":"https:\/\/api.w.org\/{rel}","templated":true}]}}