{"id":5380,"date":"2015-05-16T07:51:54","date_gmt":"2015-05-16T07:51:54","guid":{"rendered":"http:\/\/demo.wpzoom.com\/inspiro-photography\/?page_id=5380"},"modified":"2026-04-14T23:38:30","modified_gmt":"2026-04-14T21:38:30","slug":"fotostudio-in-duisburg-altstadt","status":"publish","type":"page","link":"https:\/\/alessio.nocita.photo\/index.php\/fotostudio-in-duisburg-altstadt\/","title":{"rendered":"Fotostudio f\u00fcr inspirierende Portraits"},"content":{"rendered":"\r\n<p>Mein Studio befindet sich im Herzen von Duisburg am Rhein.&nbsp; Es bietet beste Ausstattung und eine kreative, angenehme Umgebung f\u00fcr kreative Portrait Fotoshoots &#8211; besonders f\u00fcr K\u00fcnstler, Beauty, Familie, Business.<\/p>\r\n<p><!--more--><img decoding=\"async\" src=\"https:\/\/alessio.nocita.photo\/wp-content\/uploads\/2021\/04\/Fotostudio-f\u00fcr-Website-7-Bearbeitet-1024x576.jpg\" alt=\"\">Die Studioausstattung und die angenehm ausgestaltete R\u00e4umlichekeiten machen es problemlos m\u00f6glich, kreative Portrait-Sessions in einem inspirierenden Ambiente durchzuf\u00fchren. Vom experimentellen Fotoshoot mit K\u00fcnstlern und Musikern \u00fcber Portraits f\u00fcr Business und Privat, von Erinnerungsfotos bis Beauty- und Boudoir-Shootings, hier werden keine Grenzen f\u00fcr die Kreativit\u00e4t gesetzt. Wir verf\u00fcgen \u00fcber zwei Studio-R\u00e4ume mit unterschiedlichen Hintergr\u00fcnden und mehreren Blitz- und Lichtanlagen. So k\u00f6nnen wir f\u00fcr inspirierenden und kunstvollen Lichtstimmungen f\u00fcr ihr eigenes fotografisches Anliegen sorgen.<\/p>\r\n<p>Das Studio ist dank seiner hervorragenden Lage zwischen Rheinland und Ruhrgebiet &nbsp;sowohl mit dem \u00d6PNV als auch mit dem Auto hervorragend zu erreichen.<\/p>\r\n<p>Fotoshootings ausserhalb des Studio sind selbstverst\u00e4ndlich m\u00f6glich und auch erw\u00fcnscht. Daf\u00fcr kann die Belichtung zu unterschiedlichen Locations transportiert werden. Sprechen Sie mich daf\u00fcr einfach an.<\/p>\r\n<figure><\/figure>\r\n\t<h4>Das sagen Leute \u00fcber ALESSIO NOCITA PHOTOGRAPHIE<\/h4>\r\n<p>&#8222;So habe ich mich selbst wie in diesem Portr\u00e4t Shooting noch nie gesehen&#8220; &#8211;&nbsp;<a href=\"http:\/\/www.liesenfeldmusic.de\">Jonas Liesenfeld<\/a>, Jazz Geiger<\/p>\r\n\r\n<p>&#8222;Waaaaaahnsinn!!&#8220; &#8211; <a href=\"https:\/\/alessio.nocita.photo\/index.php\/project\/caro\/\">Carolin Rusch<\/a>, Karateka<\/p>\r\n\r\n<p>&#8222;Ich bin sehr beeindruckt! Lieben dank an ALESSIO NOCITA PHOTOGRAPHIE f\u00fcr die tollen Bilder&#8230; sie haben meine Interpretation von Freiheit wundersch\u00f6n eingefangen&#8220; &#8211; <a href=\"https:\/\/www.instagram.com\/alenadarleen\">Alena Darleen<\/a>, RTL2-Schauspielerin)<\/p>\r\n<figure>&#8222;Die Zeit verging wie im Flug, das Ergebnis kann sich echt sehen lassen und macht mich stolz!&#8220; &#8211; <a href=\"http:\/\/www.juliabelitz.de\">Julia Belitz<\/a>, Barockoboistin<\/figure>\r\n","protected":false},"excerpt":{"rendered":"<p>Mein Studio befindet sich im Herzen von Duisburg am Rhein.&nbsp; Es bietet beste Ausstattung und eine kreative, angenehme Umgebung f\u00fcr kreative Portrait Fotoshoots &#8211; besonders f\u00fcr K\u00fcnstler, Beauty, Familie, Business.<\/p>\n","protected":false},"author":1,"featured_media":0,"parent":0,"menu_order":0,"comment_status":"open","ping_status":"open","template":"","meta":{"inspiro_page_layout":"narrow","inspiro_hide_title":false,"footnotes":""},"class_list":["post-5380","page","type-page","status-publish","hentry"],"yoast_head":"<!-- This site is optimized with the Yoast SEO plugin v27.4 - https:\/\/yoast.com\/product\/yoast-seo-wordpress\/ -->\n<title>Fotostudio f\u00fcr inspirierende Portraits - Alessio Nocita Photographie - Portrait-Fotograf in Duisburg<\/title>\n<meta name=\"description\" content=\"Kreative Portrait-Fotografie: Fotograf f\u00fcr K\u00fcnstler, Musiker, Beauty und Fine Art in Duisburg im Rheinland\/Ruhrgebiet.\" \/>\n<meta name=\"robots\" content=\"index, follow, max-snippet:-1, max-image-preview:large, max-video-preview:-1\" \/>\n<link rel=\"canonical\" href=\"https:\/\/alessio.nocita.photo\/index.php\/fotostudio-in-duisburg-altstadt\/\" \/>\n<meta property=\"og:locale\" content=\"de_DE\" \/>\n<meta property=\"og:type\" content=\"article\" \/>\n<meta property=\"og:title\" content=\"Fotostudio f\u00fcr inspirierende Portraits - Alessio Nocita Photographie - Portrait-Fotograf in Duisburg\" \/>\n<meta property=\"og:description\" content=\"Kreative Portrait-Fotografie: Fotograf f\u00fcr K\u00fcnstler, Musiker, Beauty und Fine Art in Duisburg im Rheinland\/Ruhrgebiet.\" \/>\n<meta property=\"og:url\" content=\"https:\/\/alessio.nocita.photo\/index.php\/fotostudio-in-duisburg-altstadt\/\" \/>\n<meta property=\"og:site_name\" content=\"Alessio Nocita Photographie - Portrait-Fotograf in Duisburg\" \/>\n<meta property=\"article:publisher\" content=\"https:\/\/www.facebook.com\/alessio.nocita.foto\" \/>\n<meta property=\"article:modified_time\" content=\"2026-04-14T21:38:30+00:00\" \/>\n<meta property=\"og:image\" content=\"https:\/\/alessio.nocita.photo\/wp-content\/uploads\/2021\/04\/Fotostudio-f\u00fcr-Website-7-Bearbeitet-1024x576.jpg\" \/>\n<meta name=\"twitter:card\" content=\"summary_large_image\" \/>\n<meta name=\"twitter:label1\" content=\"Gesch\u00e4tzte Lesezeit\" \/>\n\t<meta name=\"twitter:data1\" content=\"2\u00a0Minuten\" \/>\n<script type=\"application\/ld+json\" class=\"yoast-schema-graph\">{\"@context\":\"https:\\\/\\\/schema.org\",\"@graph\":[{\"@type\":\"WebPage\",\"@id\":\"https:\\\/\\\/alessio.nocita.photo\\\/index.php\\\/fotostudio-in-duisburg-altstadt\\\/\",\"url\":\"https:\\\/\\\/alessio.nocita.photo\\\/index.php\\\/fotostudio-in-duisburg-altstadt\\\/\",\"name\":\"Fotostudio f\u00fcr inspirierende Portraits - Alessio Nocita Photographie - Portrait-Fotograf in Duisburg\",\"isPartOf\":{\"@id\":\"https:\\\/\\\/alessio.nocita.photo\\\/#website\"},\"datePublished\":\"2015-05-16T07:51:54+00:00\",\"dateModified\":\"2026-04-14T21:38:30+00:00\",\"description\":\"Kreative Portrait-Fotografie: Fotograf f\u00fcr K\u00fcnstler, Musiker, Beauty und Fine Art in Duisburg im Rheinland\\\/Ruhrgebiet.\",\"breadcrumb\":{\"@id\":\"https:\\\/\\\/alessio.nocita.photo\\\/index.php\\\/fotostudio-in-duisburg-altstadt\\\/#breadcrumb\"},\"inLanguage\":\"de\",\"potentialAction\":[{\"@type\":\"ReadAction\",\"target\":[\"https:\\\/\\\/alessio.nocita.photo\\\/index.php\\\/fotostudio-in-duisburg-altstadt\\\/\"]}]},{\"@type\":\"BreadcrumbList\",\"@id\":\"https:\\\/\\\/alessio.nocita.photo\\\/index.php\\\/fotostudio-in-duisburg-altstadt\\\/#breadcrumb\",\"itemListElement\":[{\"@type\":\"ListItem\",\"position\":1,\"name\":\"Startseite\",\"item\":\"https:\\\/\\\/alessio.nocita.photo\\\/\"},{\"@type\":\"ListItem\",\"position\":2,\"name\":\"Fotostudio f\u00fcr inspirierende Portraits\"}]},{\"@type\":\"WebSite\",\"@id\":\"https:\\\/\\\/alessio.nocita.photo\\\/#website\",\"url\":\"https:\\\/\\\/alessio.nocita.photo\\\/\",\"name\":\"Alessio Nocita Photographie - Portrait-Fotograf in Duisburg\",\"description\":\"Fotoshootings f\u00fcr Musiker und K\u00fcnstler, kreative Portraits, Fine-Art Fotografie\",\"publisher\":{\"@id\":\"https:\\\/\\\/alessio.nocita.photo\\\/#organization\"},\"potentialAction\":[{\"@type\":\"SearchAction\",\"target\":{\"@type\":\"EntryPoint\",\"urlTemplate\":\"https:\\\/\\\/alessio.nocita.photo\\\/?s={search_term_string}\"},\"query-input\":{\"@type\":\"PropertyValueSpecification\",\"valueRequired\":true,\"valueName\":\"search_term_string\"}}],\"inLanguage\":\"de\"},{\"@type\":\"Organization\",\"@id\":\"https:\\\/\\\/alessio.nocita.photo\\\/#organization\",\"name\":\"Alessio Nocita Photographie\",\"url\":\"https:\\\/\\\/alessio.nocita.photo\\\/\",\"logo\":{\"@type\":\"ImageObject\",\"inLanguage\":\"de\",\"@id\":\"https:\\\/\\\/alessio.nocita.photo\\\/#\\\/schema\\\/logo\\\/image\\\/\",\"url\":\"https:\\\/\\\/alessio.nocita.photo\\\/wp-content\\\/uploads\\\/2021\\\/04\\\/alessio_nocita_logo-foto.png\",\"contentUrl\":\"https:\\\/\\\/alessio.nocita.photo\\\/wp-content\\\/uploads\\\/2021\\\/04\\\/alessio_nocita_logo-foto.png\",\"width\":638,\"height\":200,\"caption\":\"Alessio Nocita Photographie\"},\"image\":{\"@id\":\"https:\\\/\\\/alessio.nocita.photo\\\/#\\\/schema\\\/logo\\\/image\\\/\"},\"sameAs\":[\"https:\\\/\\\/www.facebook.com\\\/alessio.nocita.foto\",\"https:\\\/\\\/www.instagram.com\\\/alessio.nocita.photography\\\/\"]}]}<\/script>\n<!-- \/ Yoast SEO plugin. -->","yoast_head_json":{"title":"Fotostudio f\u00fcr inspirierende Portraits - Alessio Nocita Photographie - Portrait-Fotograf in Duisburg","description":"Kreative Portrait-Fotografie: Fotograf f\u00fcr K\u00fcnstler, Musiker, Beauty und Fine Art in Duisburg im Rheinland\/Ruhrgebiet.","robots":{"index":"index","follow":"follow","max-snippet":"max-snippet:-1","max-image-preview":"max-image-preview:large","max-video-preview":"max-video-preview:-1"},"canonical":"https:\/\/alessio.nocita.photo\/index.php\/fotostudio-in-duisburg-altstadt\/","og_locale":"de_DE","og_type":"article","og_title":"Fotostudio f\u00fcr inspirierende Portraits - Alessio Nocita Photographie - Portrait-Fotograf in Duisburg","og_description":"Kreative Portrait-Fotografie: Fotograf f\u00fcr K\u00fcnstler, Musiker, Beauty und Fine Art in Duisburg im Rheinland\/Ruhrgebiet.","og_url":"https:\/\/alessio.nocita.photo\/index.php\/fotostudio-in-duisburg-altstadt\/","og_site_name":"Alessio Nocita Photographie - Portrait-Fotograf in Duisburg","article_publisher":"https:\/\/www.facebook.com\/alessio.nocita.foto","article_modified_time":"2026-04-14T21:38:30+00:00","og_image":[{"url":"https:\/\/alessio.nocita.photo\/wp-content\/uploads\/2021\/04\/Fotostudio-f\u00fcr-Website-7-Bearbeitet-1024x576.jpg","type":"","width":"","height":""}],"twitter_card":"summary_large_image","twitter_misc":{"Gesch\u00e4tzte Lesezeit":"2\u00a0Minuten"},"schema":{"@context":"https:\/\/schema.org","@graph":[{"@type":"WebPage","@id":"https:\/\/alessio.nocita.photo\/index.php\/fotostudio-in-duisburg-altstadt\/","url":"https:\/\/alessio.nocita.photo\/index.php\/fotostudio-in-duisburg-altstadt\/","name":"Fotostudio f\u00fcr inspirierende Portraits - Alessio Nocita Photographie - Portrait-Fotograf in Duisburg","isPartOf":{"@id":"https:\/\/alessio.nocita.photo\/#website"},"datePublished":"2015-05-16T07:51:54+00:00","dateModified":"2026-04-14T21:38:30+00:00","description":"Kreative Portrait-Fotografie: Fotograf f\u00fcr K\u00fcnstler, Musiker, Beauty und Fine Art in Duisburg im Rheinland\/Ruhrgebiet.","breadcrumb":{"@id":"https:\/\/alessio.nocita.photo\/index.php\/fotostudio-in-duisburg-altstadt\/#breadcrumb"},"inLanguage":"de","potentialAction":[{"@type":"ReadAction","target":["https:\/\/alessio.nocita.photo\/index.php\/fotostudio-in-duisburg-altstadt\/"]}]},{"@type":"BreadcrumbList","@id":"https:\/\/alessio.nocita.photo\/index.php\/fotostudio-in-duisburg-altstadt\/#breadcrumb","itemListElement":[{"@type":"ListItem","position":1,"name":"Startseite","item":"https:\/\/alessio.nocita.photo\/"},{"@type":"ListItem","position":2,"name":"Fotostudio f\u00fcr inspirierende Portraits"}]},{"@type":"WebSite","@id":"https:\/\/alessio.nocita.photo\/#website","url":"https:\/\/alessio.nocita.photo\/","name":"Alessio Nocita Photographie - Portrait-Fotograf in Duisburg","description":"Fotoshootings f\u00fcr Musiker und K\u00fcnstler, kreative Portraits, Fine-Art Fotografie","publisher":{"@id":"https:\/\/alessio.nocita.photo\/#organization"},"potentialAction":[{"@type":"SearchAction","target":{"@type":"EntryPoint","urlTemplate":"https:\/\/alessio.nocita.photo\/?s={search_term_string}"},"query-input":{"@type":"PropertyValueSpecification","valueRequired":true,"valueName":"search_term_string"}}],"inLanguage":"de"},{"@type":"Organization","@id":"https:\/\/alessio.nocita.photo\/#organization","name":"Alessio Nocita Photographie","url":"https:\/\/alessio.nocita.photo\/","logo":{"@type":"ImageObject","inLanguage":"de","@id":"https:\/\/alessio.nocita.photo\/#\/schema\/logo\/image\/","url":"https:\/\/alessio.nocita.photo\/wp-content\/uploads\/2021\/04\/alessio_nocita_logo-foto.png","contentUrl":"https:\/\/alessio.nocita.photo\/wp-content\/uploads\/2021\/04\/alessio_nocita_logo-foto.png","width":638,"height":200,"caption":"Alessio Nocita Photographie"},"image":{"@id":"https:\/\/alessio.nocita.photo\/#\/schema\/logo\/image\/"},"sameAs":["https:\/\/www.facebook.com\/alessio.nocita.foto","https:\/\/www.instagram.com\/alessio.nocita.photography\/"]}]}},"_links":{"self":[{"href":"https:\/\/alessio.nocita.photo\/index.php\/wp-json\/wp\/v2\/pages\/5380","targetHints":{"allow":["GET"]}}],"collection":[{"href":"https:\/\/alessio.nocita.photo\/index.php\/wp-json\/wp\/v2\/pages"}],"about":[{"href":"https:\/\/alessio.nocita.photo\/index.php\/wp-json\/wp\/v2\/types\/page"}],"author":[{"embeddable":true,"href":"https:\/\/alessio.nocita.photo\/index.php\/wp-json\/wp\/v2\/users\/1"}],"replies":[{"embeddable":true,"href":"https:\/\/alessio.nocita.photo\/index.php\/wp-json\/wp\/v2\/comments?post=5380"}],"version-history":[{"count":13,"href":"https:\/\/alessio.nocita.photo\/index.php\/wp-json\/wp\/v2\/pages\/5380\/revisions"}],"predecessor-version":[{"id":6417,"href":"https:\/\/alessio.nocita.photo\/index.php\/wp-json\/wp\/v2\/pages\/5380\/revisions\/6417"}],"wp:attachment":[{"href":"https:\/\/alessio.nocita.photo\/index.php\/wp-json\/wp\/v2\/media?parent=5380"}],"curies":[{"name":"wp","href":"https:\/\/api.w.org\/{rel}","templated":true}]}}