{"id":5764,"date":"2021-04-10T16:50:41","date_gmt":"2021-04-10T14:50:41","guid":{"rendered":"https:\/\/alessio.nocita.photo\/?page_id=5764"},"modified":"2021-09-22T23:15:50","modified_gmt":"2021-09-22T21:15:50","slug":"5764-2","status":"publish","type":"page","link":"https:\/\/alessio.nocita.photo\/index.php\/5764-2\/","title":{"rendered":"Preise"},"content":{"rendered":"\n\n\t<p>Hier finden Sie eine \u00dcbersicht meiner Leistungen und Preise.<\/p>\n<p>Falls Sie sich ein individuelles Angebot w\u00fcnschen, z\u00f6gern Sie nicht, mich zu kontaktieren &#8211; ich berate Sie gerne!<\/p>\n<h2>\n\t\tKleine Session\n\t<\/h2>\n\t<p>1 Stunde Fotosession<\/p>\n\t<p>5 digitale Bilder<\/p>\n\t<p>ohne Bildbearbeitung<\/p>\n<h2>\n\t\t250 EUR\n\t<\/h2>\n<h2>\n\t\tFotosession\n\t<\/h2>\n\t<p>3 Stunden Fotosession<\/p>\n\t<p>20 digitale Bilder<\/p>\n\t<p>Bildbearbeitung inklusive<\/p>\n<h2>\n\t\t400 EUR\n\t<\/h2>\n<h2>\n\t\tReportage\n\t<\/h2>\n\t<p>Ganzt\u00e4gige Session<\/p>\n\t<p>mindestens 20 digitale Bilder<\/p>\n\t<p>ohne Bildbearbeitung<\/p>\n<h2>\n\t\t750 EUR\n\t<\/h2>\n<h2>\n\t\tEvent\n\t<\/h2>\n\t<p>Ganzt\u00e4gige Session<\/p>\n\t<p>mindestens 50 digitale Bilder<\/p>\n\t<p>Bildbearbeitung inklusive<\/p>\n<h2>\n\t\t1000 EUR\n\t<\/h2>\n\t\t\t<a href=\"https:\/\/alessio.nocita.photo\/index.php\/kontakt\/\" target=\"_self\" role=\"button\" rel=\"noopener\">\n\t\t\t\t\t\tKontakt aufnehmen\n\t\t<\/a>\n\t\n","protected":false},"excerpt":{"rendered":"<p>Hier finden Sie eine \u00dcbersicht meiner Leistungen und Preise. Falls Sie sich ein individuelles Angebot w\u00fcnschen, z\u00f6gern Sie nicht, mich zu kontaktieren &#8211; ich berate Sie gerne! Kleine Session 1 Stunde Fotosession 5 digitale Bilder ohne Bildbearbeitung 250 EUR Fotosession 3 Stunden Fotosession 20 digitale Bilder Bildbearbeitung inklusive 400 EUR [&hellip;]<\/p>\n","protected":false},"author":1,"featured_media":5772,"parent":0,"menu_order":0,"comment_status":"closed","ping_status":"closed","template":"","meta":{"inspiro_page_layout":"narrow","inspiro_hide_title":false,"footnotes":""},"class_list":["post-5764","page","type-page","status-publish","has-post-thumbnail","hentry"],"yoast_head":"<!-- This site is optimized with the Yoast SEO plugin v27.4 - https:\/\/yoast.com\/product\/yoast-seo-wordpress\/ -->\n<title>Preise - Alessio Nocita Photographie - Portrait-Fotograf in Duisburg<\/title>\n<meta name=\"description\" content=\"Kreative Portrait-Fotografie: Fotograf f\u00fcr K\u00fcnstler, Musiker, Beauty und Fine Art in Duisburg im Rheinland\/Ruhrgebiet.\" \/>\n<meta name=\"robots\" content=\"index, follow, max-snippet:-1, max-image-preview:large, max-video-preview:-1\" \/>\n<link rel=\"canonical\" href=\"https:\/\/alessio.nocita.photo\/index.php\/5764-2\/\" \/>\n<meta property=\"og:locale\" content=\"de_DE\" \/>\n<meta property=\"og:type\" content=\"article\" \/>\n<meta property=\"og:title\" content=\"Preise - Alessio Nocita Photographie - Portrait-Fotograf in Duisburg\" \/>\n<meta property=\"og:description\" content=\"Kreative Portrait-Fotografie: Fotograf f\u00fcr K\u00fcnstler, Musiker, Beauty und Fine Art in Duisburg im Rheinland\/Ruhrgebiet.\" \/>\n<meta property=\"og:url\" content=\"https:\/\/alessio.nocita.photo\/index.php\/5764-2\/\" \/>\n<meta property=\"og:site_name\" content=\"Alessio Nocita Photographie - Portrait-Fotograf in Duisburg\" \/>\n<meta property=\"article:publisher\" content=\"https:\/\/www.facebook.com\/alessio.nocita.foto\" \/>\n<meta property=\"article:modified_time\" content=\"2021-09-22T21:15:50+00:00\" \/>\n<meta property=\"og:image\" content=\"https:\/\/alessio.nocita.photo\/wp-content\/uploads\/2021\/04\/Sechs-Seen-Platte-201021-55.jpg\" \/>\n\t<meta property=\"og:image:width\" content=\"1920\" \/>\n\t<meta property=\"og:image:height\" content=\"1080\" \/>\n\t<meta property=\"og:image:type\" content=\"image\/jpeg\" \/>\n<meta name=\"twitter:card\" content=\"summary_large_image\" \/>\n<script type=\"application\/ld+json\" class=\"yoast-schema-graph\">{\"@context\":\"https:\\\/\\\/schema.org\",\"@graph\":[{\"@type\":\"WebPage\",\"@id\":\"https:\\\/\\\/alessio.nocita.photo\\\/index.php\\\/5764-2\\\/\",\"url\":\"https:\\\/\\\/alessio.nocita.photo\\\/index.php\\\/5764-2\\\/\",\"name\":\"Preise - Alessio Nocita Photographie - Portrait-Fotograf in Duisburg\",\"isPartOf\":{\"@id\":\"https:\\\/\\\/alessio.nocita.photo\\\/#website\"},\"primaryImageOfPage\":{\"@id\":\"https:\\\/\\\/alessio.nocita.photo\\\/index.php\\\/5764-2\\\/#primaryimage\"},\"image\":{\"@id\":\"https:\\\/\\\/alessio.nocita.photo\\\/index.php\\\/5764-2\\\/#primaryimage\"},\"thumbnailUrl\":\"https:\\\/\\\/alessio.nocita.photo\\\/wp-content\\\/uploads\\\/2021\\\/04\\\/Sechs-Seen-Platte-201021-55.jpg\",\"datePublished\":\"2021-04-10T14:50:41+00:00\",\"dateModified\":\"2021-09-22T21:15:50+00:00\",\"description\":\"Kreative Portrait-Fotografie: Fotograf f\u00fcr K\u00fcnstler, Musiker, Beauty und Fine Art in Duisburg im Rheinland\\\/Ruhrgebiet.\",\"breadcrumb\":{\"@id\":\"https:\\\/\\\/alessio.nocita.photo\\\/index.php\\\/5764-2\\\/#breadcrumb\"},\"inLanguage\":\"de\",\"potentialAction\":[{\"@type\":\"ReadAction\",\"target\":[\"https:\\\/\\\/alessio.nocita.photo\\\/index.php\\\/5764-2\\\/\"]}]},{\"@type\":\"ImageObject\",\"inLanguage\":\"de\",\"@id\":\"https:\\\/\\\/alessio.nocita.photo\\\/index.php\\\/5764-2\\\/#primaryimage\",\"url\":\"https:\\\/\\\/alessio.nocita.photo\\\/wp-content\\\/uploads\\\/2021\\\/04\\\/Sechs-Seen-Platte-201021-55.jpg\",\"contentUrl\":\"https:\\\/\\\/alessio.nocita.photo\\\/wp-content\\\/uploads\\\/2021\\\/04\\\/Sechs-Seen-Platte-201021-55.jpg\",\"width\":1920,\"height\":1080},{\"@type\":\"BreadcrumbList\",\"@id\":\"https:\\\/\\\/alessio.nocita.photo\\\/index.php\\\/5764-2\\\/#breadcrumb\",\"itemListElement\":[{\"@type\":\"ListItem\",\"position\":1,\"name\":\"Startseite\",\"item\":\"https:\\\/\\\/alessio.nocita.photo\\\/\"},{\"@type\":\"ListItem\",\"position\":2,\"name\":\"Preise\"}]},{\"@type\":\"WebSite\",\"@id\":\"https:\\\/\\\/alessio.nocita.photo\\\/#website\",\"url\":\"https:\\\/\\\/alessio.nocita.photo\\\/\",\"name\":\"Alessio Nocita Photographie - Portrait-Fotograf in Duisburg\",\"description\":\"Fotoshootings f\u00fcr Musiker und K\u00fcnstler, kreative Portraits, Fine-Art Fotografie\",\"publisher\":{\"@id\":\"https:\\\/\\\/alessio.nocita.photo\\\/#organization\"},\"potentialAction\":[{\"@type\":\"SearchAction\",\"target\":{\"@type\":\"EntryPoint\",\"urlTemplate\":\"https:\\\/\\\/alessio.nocita.photo\\\/?s={search_term_string}\"},\"query-input\":{\"@type\":\"PropertyValueSpecification\",\"valueRequired\":true,\"valueName\":\"search_term_string\"}}],\"inLanguage\":\"de\"},{\"@type\":\"Organization\",\"@id\":\"https:\\\/\\\/alessio.nocita.photo\\\/#organization\",\"name\":\"Alessio Nocita Photographie\",\"url\":\"https:\\\/\\\/alessio.nocita.photo\\\/\",\"logo\":{\"@type\":\"ImageObject\",\"inLanguage\":\"de\",\"@id\":\"https:\\\/\\\/alessio.nocita.photo\\\/#\\\/schema\\\/logo\\\/image\\\/\",\"url\":\"https:\\\/\\\/alessio.nocita.photo\\\/wp-content\\\/uploads\\\/2021\\\/04\\\/alessio_nocita_logo-foto.png\",\"contentUrl\":\"https:\\\/\\\/alessio.nocita.photo\\\/wp-content\\\/uploads\\\/2021\\\/04\\\/alessio_nocita_logo-foto.png\",\"width\":638,\"height\":200,\"caption\":\"Alessio Nocita Photographie\"},\"image\":{\"@id\":\"https:\\\/\\\/alessio.nocita.photo\\\/#\\\/schema\\\/logo\\\/image\\\/\"},\"sameAs\":[\"https:\\\/\\\/www.facebook.com\\\/alessio.nocita.foto\",\"https:\\\/\\\/www.instagram.com\\\/alessio.nocita.photography\\\/\"]}]}<\/script>\n<!-- \/ Yoast SEO plugin. -->","yoast_head_json":{"title":"Preise - Alessio Nocita Photographie - Portrait-Fotograf in Duisburg","description":"Kreative Portrait-Fotografie: Fotograf f\u00fcr K\u00fcnstler, Musiker, Beauty und Fine Art in Duisburg im Rheinland\/Ruhrgebiet.","robots":{"index":"index","follow":"follow","max-snippet":"max-snippet:-1","max-image-preview":"max-image-preview:large","max-video-preview":"max-video-preview:-1"},"canonical":"https:\/\/alessio.nocita.photo\/index.php\/5764-2\/","og_locale":"de_DE","og_type":"article","og_title":"Preise - Alessio Nocita Photographie - Portrait-Fotograf in Duisburg","og_description":"Kreative Portrait-Fotografie: Fotograf f\u00fcr K\u00fcnstler, Musiker, Beauty und Fine Art in Duisburg im Rheinland\/Ruhrgebiet.","og_url":"https:\/\/alessio.nocita.photo\/index.php\/5764-2\/","og_site_name":"Alessio Nocita Photographie - Portrait-Fotograf in Duisburg","article_publisher":"https:\/\/www.facebook.com\/alessio.nocita.foto","article_modified_time":"2021-09-22T21:15:50+00:00","og_image":[{"width":1920,"height":1080,"url":"https:\/\/alessio.nocita.photo\/wp-content\/uploads\/2021\/04\/Sechs-Seen-Platte-201021-55.jpg","type":"image\/jpeg"}],"twitter_card":"summary_large_image","schema":{"@context":"https:\/\/schema.org","@graph":[{"@type":"WebPage","@id":"https:\/\/alessio.nocita.photo\/index.php\/5764-2\/","url":"https:\/\/alessio.nocita.photo\/index.php\/5764-2\/","name":"Preise - Alessio Nocita Photographie - Portrait-Fotograf in Duisburg","isPartOf":{"@id":"https:\/\/alessio.nocita.photo\/#website"},"primaryImageOfPage":{"@id":"https:\/\/alessio.nocita.photo\/index.php\/5764-2\/#primaryimage"},"image":{"@id":"https:\/\/alessio.nocita.photo\/index.php\/5764-2\/#primaryimage"},"thumbnailUrl":"https:\/\/alessio.nocita.photo\/wp-content\/uploads\/2021\/04\/Sechs-Seen-Platte-201021-55.jpg","datePublished":"2021-04-10T14:50:41+00:00","dateModified":"2021-09-22T21:15:50+00:00","description":"Kreative Portrait-Fotografie: Fotograf f\u00fcr K\u00fcnstler, Musiker, Beauty und Fine Art in Duisburg im Rheinland\/Ruhrgebiet.","breadcrumb":{"@id":"https:\/\/alessio.nocita.photo\/index.php\/5764-2\/#breadcrumb"},"inLanguage":"de","potentialAction":[{"@type":"ReadAction","target":["https:\/\/alessio.nocita.photo\/index.php\/5764-2\/"]}]},{"@type":"ImageObject","inLanguage":"de","@id":"https:\/\/alessio.nocita.photo\/index.php\/5764-2\/#primaryimage","url":"https:\/\/alessio.nocita.photo\/wp-content\/uploads\/2021\/04\/Sechs-Seen-Platte-201021-55.jpg","contentUrl":"https:\/\/alessio.nocita.photo\/wp-content\/uploads\/2021\/04\/Sechs-Seen-Platte-201021-55.jpg","width":1920,"height":1080},{"@type":"BreadcrumbList","@id":"https:\/\/alessio.nocita.photo\/index.php\/5764-2\/#breadcrumb","itemListElement":[{"@type":"ListItem","position":1,"name":"Startseite","item":"https:\/\/alessio.nocita.photo\/"},{"@type":"ListItem","position":2,"name":"Preise"}]},{"@type":"WebSite","@id":"https:\/\/alessio.nocita.photo\/#website","url":"https:\/\/alessio.nocita.photo\/","name":"Alessio Nocita Photographie - Portrait-Fotograf in Duisburg","description":"Fotoshootings f\u00fcr Musiker und K\u00fcnstler, kreative Portraits, Fine-Art Fotografie","publisher":{"@id":"https:\/\/alessio.nocita.photo\/#organization"},"potentialAction":[{"@type":"SearchAction","target":{"@type":"EntryPoint","urlTemplate":"https:\/\/alessio.nocita.photo\/?s={search_term_string}"},"query-input":{"@type":"PropertyValueSpecification","valueRequired":true,"valueName":"search_term_string"}}],"inLanguage":"de"},{"@type":"Organization","@id":"https:\/\/alessio.nocita.photo\/#organization","name":"Alessio Nocita Photographie","url":"https:\/\/alessio.nocita.photo\/","logo":{"@type":"ImageObject","inLanguage":"de","@id":"https:\/\/alessio.nocita.photo\/#\/schema\/logo\/image\/","url":"https:\/\/alessio.nocita.photo\/wp-content\/uploads\/2021\/04\/alessio_nocita_logo-foto.png","contentUrl":"https:\/\/alessio.nocita.photo\/wp-content\/uploads\/2021\/04\/alessio_nocita_logo-foto.png","width":638,"height":200,"caption":"Alessio Nocita Photographie"},"image":{"@id":"https:\/\/alessio.nocita.photo\/#\/schema\/logo\/image\/"},"sameAs":["https:\/\/www.facebook.com\/alessio.nocita.foto","https:\/\/www.instagram.com\/alessio.nocita.photography\/"]}]}},"_links":{"self":[{"href":"https:\/\/alessio.nocita.photo\/index.php\/wp-json\/wp\/v2\/pages\/5764","targetHints":{"allow":["GET"]}}],"collection":[{"href":"https:\/\/alessio.nocita.photo\/index.php\/wp-json\/wp\/v2\/pages"}],"about":[{"href":"https:\/\/alessio.nocita.photo\/index.php\/wp-json\/wp\/v2\/types\/page"}],"author":[{"embeddable":true,"href":"https:\/\/alessio.nocita.photo\/index.php\/wp-json\/wp\/v2\/users\/1"}],"replies":[{"embeddable":true,"href":"https:\/\/alessio.nocita.photo\/index.php\/wp-json\/wp\/v2\/comments?post=5764"}],"version-history":[{"count":24,"href":"https:\/\/alessio.nocita.photo\/index.php\/wp-json\/wp\/v2\/pages\/5764\/revisions"}],"predecessor-version":[{"id":6276,"href":"https:\/\/alessio.nocita.photo\/index.php\/wp-json\/wp\/v2\/pages\/5764\/revisions\/6276"}],"wp:featuredmedia":[{"embeddable":true,"href":"https:\/\/alessio.nocita.photo\/index.php\/wp-json\/wp\/v2\/media\/5772"}],"wp:attachment":[{"href":"https:\/\/alessio.nocita.photo\/index.php\/wp-json\/wp\/v2\/media?parent=5764"}],"curies":[{"name":"wp","href":"https:\/\/api.w.org\/{rel}","templated":true}]}}